{"id":34,"date":"2022-01-24T12:41:21","date_gmt":"2022-01-24T12:41:21","guid":{"rendered":"https:\/\/kaushal-eguru.sites.qsandbox.com\/?page_id=34"},"modified":"2023-07-04T11:44:43","modified_gmt":"2023-07-04T09:44:43","slug":"about-us","status":"publish","type":"page","link":"https:\/\/ancltorino.it\/?page_id=34","title":{"rendered":"Su di noi"},"content":{"rendered":"\n<div class=\"blockart-section blockart-section-0e66e47e\"><div class=\"blockart-container\"><div class=\"blockart-section-inner\">\n<div class=\"blockart-column blockart-column-a3b2773d\"><div class=\"blockart-column-inner\">\n<h2 class=\"blockart-heading blockart-heading-9bc26bce\">L\u2019 Associazione Nazionale Consulenti del Lavoro di Torino rappresenta il Sindacato unitario dei Consulenti del Lavoro della Provincia di Torino<\/h2>\n\n\n\n<p>L\u2019Associazione Nazionale Consulenti del Lavoro \u2013 A.N.C.L. \u00e8 il Sindacato Unitario della Categoria dei Consulenti del Lavoro. \u00c8 stata ufficialmente costituita il 28 luglio 1953, successiva soltanto alla Legge 23 novembre 1939, n. 1815 che, con gli articoli 4 e 5, sanc\u00ec che dovesse essere regolamentata l&#8217;attivit\u00e0 di tenuta e regolarizzazione dei documenti di lavoro aziendali.<\/p>\n\n\n\n<p>L\u2019ANCL \u00e8 quindi il SINDACATO che tutela degli interessi della Categoria dei Consulenti del Lavoro.<\/p>\n\n\n\n<p>Dal novembre 2002 l\u2019ANCL diventa Sindacato Unitario e questo ha favorito la Categoria di un Sindacato unico, pi\u00f9 forte e rappresentativo, in grado di far sentire la propria voce a qualsiasi livello con piena dignit\u00e0 e senza pi\u00f9 dispersione di energie importanti.<\/p>\n\n\n\n<p>Attualmente \u00e8 diffusa sul territorio nazionale attraverso 94 Unioni Provinciali, alle quali sono iscritti oltre 7000 colleghi, che complessivamente assistono circa 2 milioni di aziende.<\/p>\n\n\n\n<p>L\u2019Unione Provinciale di Torino \u00e8 operativa ed a favore dei Consulenti del Lavoro, impegnata nell\u2019organizzazione di eventi formativi, momenti aggregativi e, non meno importante, quale collante tra il territorio e le attivit\u00e0 svolte a livello nazionale dall\u2019Associazione.<\/p>\n\n\n\n<p>Il perno centrale dell&#8217;Associazione, \u00e8 l\u2019unione provinciale, luogo preposto alla formazione e rafforzamento dell&#8217;aggregazione fra gli associati.<\/p>\n\n\n\n<p>Il Consiglio Provinciale attuale, presieduto dal collega Bongiovanni Gian Luca, crede fortemente nella partecipazione dei Cdl all\u2019Associazione. Per questo motivo, tra gli eventi formativi, meritano una particolare menzione le \u201cTavole rotonde\u201d, approfondimenti su argomenti specifici, momenti di condivisione delle criticit\u00e0 del nostro lavoro con la possibilit\u00e0 per ciascun partecipante di apportare liberamente il proprio contributo, la propria esperienza, a favore della collettivit\u00e0.<\/p>\n\n\n\n<p>Gli scopi, infatti, dell&#8217;A.N.C.L. possono cos\u00ec essere riassunti:<\/p>\n\n\n\n<p>\u2022 promuovere, rappresentare, tutelare e difendere gli interessi professionali, imprenditoriali e sindacali dei consulenti del lavoro;<\/p>\n\n\n\n<p>\u2022 accrescere, sviluppare e valorizzare l&#8217;immagine e le funzioni professionali degli iscritti, operatori aziendali e sociali al servizio della collettivit\u00e0;<\/p>\n\n\n\n<p>\u2022 favorire e coordinare tutte le iniziative concernenti la categoria nel campo sindacale, culturale, professionale e tecnico, adoperandosi per una presenza attiva dell&#8217;associazione nelle sedi&nbsp; di formulazione delle proposte legislative anche quale parte sociale;<\/p>\n\n\n\n<p>\u2022 rappresentare gli iscritti negli organismi istituzionali nazionali, regionali e provinciali di categoria favorendo con essi, in ogni caso, rapporti di collaborazione e sinergia.<\/p>\n\n\n\n<p>\u2022 L&#8217;A.N.C.L. \u00e8 parte contraente del CCNL per i dipendenti degli studi professionali. Inoltre, in qualit\u00e0 di consulente tecnico, ha partecipato alla stesura e sottoscrizione dei CCNL: Aziende Commerciali (Imprese Minori)<\/p>\n<\/div><\/div>\n\n\n\n<div class=\"blockart-column blockart-column-be6cf1e7\"><div class=\"blockart-column-inner\">\n<div class=\"blockart-image blockart-image-802b4f5e\"><img decoding=\"async\" src=\"https:\/\/ancltorino.it\/wp-content\/uploads\/2022\/05\/ANCL-SU-800x400-1.jpg\" alt=\"\"\/><\/div>\n<\/div><\/div>\n<\/div><\/div><\/div>\n\n\n\n<div class=\"blockart-section blockart-section-fc2cdde2\"><div class=\"blockart-container\"><div class=\"blockart-section-inner\">\n<div class=\"blockart-column blockart-column-446b72f8\"><div class=\"blockart-column-inner\">\n<h2 class=\"blockart-heading blockart-heading-2d8607eb\">I nostri obiettivi<\/h2>\n\n\n\n<div class=\"blockart-section blockart-section-0b4b2beb\"><div class=\"blockart-container\"><div class=\"blockart-section-inner\">\n<div class=\"blockart-column blockart-column-d75e5264\"><div class=\"blockart-column-inner\">\n<h5 class=\"blockart-heading blockart-heading-0d24ebe6\">Promuovere, rappresentare, Tutelare<\/h5>\n\n\n\n<p class=\"blockart-paragraph blockart-paragraph-2cc0a7cf\">difendere gli interessi professionali, imprenditoriali e sindacali dei consulenti del lavoro<\/p>\n\n\n\n<div class=\"blockart-section blockart-section-f21fe0d5\"><div class=\"blockart-container\"><div class=\"blockart-section-inner\">\n<div class=\"blockart-column blockart-column-b14245ff\"><div class=\"blockart-column-inner\"><\/div><\/div>\n<\/div><\/div><\/div>\n<\/div><\/div>\n\n\n\n<div class=\"blockart-column blockart-column-2f58dee8\"><div class=\"blockart-column-inner\">\n<h5 class=\"blockart-heading blockart-heading-b8e65db2\">Accrescere, Sviluppare e Valorizzare&#8230;<\/h5>\n\n\n\n<p class=\"blockart-paragraph blockart-paragraph-18e222e4\">&#8230; l&#8217;immagine e le funzioni professionali degli iscritti, operatori aziendali e sociali al servizio della collettivit\u00e0<\/p>\n\n\n\n<div class=\"blockart-section blockart-section-f3e67f04\"><div class=\"blockart-container\"><div class=\"blockart-section-inner\">\n<div class=\"blockart-column blockart-column-6faada6f\"><div class=\"blockart-column-inner\"><\/div><\/div>\n<\/div><\/div><\/div>\n<\/div><\/div>\n\n\n\n<div class=\"blockart-column blockart-column-90620b65\"><div class=\"blockart-column-inner\">\n<h5 class=\"blockart-heading blockart-heading-c2c56564\">Favorire e coordinare<\/h5>\n\n\n\n<p class=\"blockart-paragraph blockart-paragraph-c5931a9e\">le iniziative concernenti la categoria nel campo sindacale, culturale, professionale e tecnico, adoperandosi per una presenza attiva dell&#8217;associazione nelle sedi\u00a0 di formulazione delle proposte legislative anche quale parte sociale<\/p>\n\n\n\n<div class=\"blockart-section blockart-section-1be0c97a\"><div class=\"blockart-container\"><div class=\"blockart-section-inner\">\n<div class=\"blockart-column blockart-column-e8c3c271\"><div class=\"blockart-column-inner\"><\/div><\/div>\n<\/div><\/div><\/div>\n<\/div><\/div>\n<\/div><\/div><\/div>\n<\/div><\/div>\n<\/div><\/div><\/div>\n\n\n\n<div class=\"blockart-section blockart-section-6fea7125\"><div class=\"blockart-container\"><div class=\"blockart-section-inner\">\n<div class=\"blockart-column blockart-column-e32d719c\"><div class=\"blockart-column-inner\">\n<div class=\"blockart-section blockart-section-40a419d2\"><div class=\"blockart-container\"><div class=\"blockart-section-inner\">\n<div class=\"blockart-column blockart-column-5428ff77\"><div class=\"blockart-column-inner\">\n<h2 class=\"blockart-heading blockart-heading-b83c01d3\">Hai altre domande?<\/h2>\n<\/div><\/div>\n\n\n\n<div class=\"blockart-column blockart-column-c12b4fe6\"><div class=\"blockart-column-inner\">\n<div class=\"blockart-button blockart-button-08ea25bd \"><a class=\"blockart-button-link is-custom is-style-filled\" href=\"https:\/\/ancltorino.it\/?page_id=37\">Contattaci<\/a><\/div>\n<\/div><\/div>\n<\/div><\/div><\/div>\n<\/div><\/div>\n<\/div><\/div><\/div>\n","protected":false},"excerpt":{"rendered":"","protected":false},"author":1,"featured_media":0,"parent":0,"menu_order":0,"comment_status":"closed","ping_status":"closed","template":"page-templates\/pagebuilder.php","meta":{"advgb_blocks_editor_width":"","advgb_blocks_columns_visual_guide":"","footnotes":""},"class_list":["post-34","page","type-page","status-publish","hentry"],"coauthors":[],"author_meta":{"author_link":"https:\/\/ancltorino.it\/?author=1","display_name":"studydata"},"relative_dates":{"created":"Pubblicato 4 anni fa","modified":"Aggiornato 3 anni fa"},"absolute_dates":{"created":"Pubblicato il 24 Gennaio 2022","modified":"Aggiornato il 4 Luglio 2023"},"absolute_dates_time":{"created":"Pubblicato il 24 Gennaio 2022 12:41","modified":"Aggiornato il 4 Luglio 2023 11:44"},"featured_img_caption":"","featured_img":false,"series_order":"","_links":{"self":[{"href":"https:\/\/ancltorino.it\/index.php?rest_route=\/wp\/v2\/pages\/34","targetHints":{"allow":["GET"]}}],"collection":[{"href":"https:\/\/ancltorino.it\/index.php?rest_route=\/wp\/v2\/pages"}],"about":[{"href":"https:\/\/ancltorino.it\/index.php?rest_route=\/wp\/v2\/types\/page"}],"author":[{"embeddable":true,"href":"https:\/\/ancltorino.it\/index.php?rest_route=\/wp\/v2\/users\/1"}],"replies":[{"embeddable":true,"href":"https:\/\/ancltorino.it\/index.php?rest_route=%2Fwp%2Fv2%2Fcomments&post=34"}],"version-history":[{"count":9,"href":"https:\/\/ancltorino.it\/index.php?rest_route=\/wp\/v2\/pages\/34\/revisions"}],"predecessor-version":[{"id":1171,"href":"https:\/\/ancltorino.it\/index.php?rest_route=\/wp\/v2\/pages\/34\/revisions\/1171"}],"wp:attachment":[{"href":"https:\/\/ancltorino.it\/index.php?rest_route=%2Fwp%2Fv2%2Fmedia&parent=34"}],"curies":[{"name":"wp","href":"https:\/\/api.w.org\/{rel}","templated":true}]}}